{"id":2765,"date":"2023-10-19T12:55:26","date_gmt":"2023-10-19T10:55:26","guid":{"rendered":"https:\/\/chiro.hu\/ajanlatkeres\/"},"modified":"2024-03-05T14:23:38","modified_gmt":"2024-03-05T13:23:38","slug":"request-for-proposal","status":"publish","type":"page","link":"https:\/\/chiro.hu\/en\/request-for-proposal\/","title":{"rendered":"Request for proposal"},"content":{"rendered":"\t\t<div data-elementor-type=\"wp-page\" data-elementor-id=\"2765\" class=\"elementor elementor-2765 elementor-1309\" data-elementor-post-type=\"page\">\n\t\t\t\t<div class=\"elementor-element elementor-element-45a47ad e-flex e-con-boxed e-con e-parent\" data-id=\"45a47ad\" data-element_type=\"container\" data-e-type=\"container\" data-settings=\"{&quot;background_background&quot;:&quot;classic&quot;,&quot;jet_parallax_layout_list&quot;:[]}\">\n\t\t\t\t\t<div class=\"e-con-inner\">\n\t\t\t\t<div class=\"elementor-element elementor-element-95d7c55 elementor-widget elementor-widget-heading\" data-id=\"95d7c55\" data-element_type=\"widget\" data-e-type=\"widget\" data-widget_type=\"heading.default\">\n\t\t\t\t\t<h1 class=\"elementor-heading-title elementor-size-default\">Request for proposal<\/h1>\t\t\t\t<\/div>\n\t\t\t\t\t<\/div>\n\t\t\t\t<\/div>\n\t\t<div class=\"elementor-element elementor-element-5a5d942 e-flex e-con-boxed e-con e-parent\" data-id=\"5a5d942\" data-element_type=\"container\" data-e-type=\"container\" data-settings=\"{&quot;jet_parallax_layout_list&quot;:[]}\">\n\t\t\t\t\t<div class=\"e-con-inner\">\n\t\t\t\t<div class=\"elementor-element elementor-element-ed5ff36 fluentform-widget-submit-button-full-width fluent-form-widget-step-header-yes fluent-form-widget-step-progressbar-yes elementor-widget elementor-widget-fluent-form-widget\" data-id=\"ed5ff36\" data-element_type=\"widget\" data-e-type=\"widget\" data-widget_type=\"fluent-form-widget.default\">\n\t\t\t\t<div class=\"elementor-widget-container\">\n\t\t\t\t\t\n            <div class=\"fluentform-widget-wrapper hide-fluent-form-labels fluentform-widget-align-default\">\n\n            \n            <div class='fluentform ff-default fluentform_wrapper_11 ffs_default_wrap'><form data-form_id=\"11\" id=\"fluentform_11\" class=\"frm-fluent-form fluent_form_11 ff-el-form-top ff_form_instance_11_1 ff-form-loading ffs_default\" data-form_instance=\"ff_form_instance_11_1\" method=\"POST\" data-turnstile_key=\"0x4AAAAAABRdSkPhsiq7x4K5\" ><fieldset  style=\"border: none!important;margin: 0!important;padding: 0!important;background-color: transparent!important;box-shadow: none!important;outline: none!important; min-inline-size: 100%;\">\n                    <legend class=\"ff_screen_reader_title\" style=\"display: block; margin: 0!important;padding: 0!important;height: 0!important;text-indent: -999999px;width: 0!important;overflow:hidden;\">Aj\u00e1nlatk\u00e9r\u00e9s - EN<\/legend>        <div\n                style=\"display: none!important; position: absolute!important; transform: translateX(1000%)!important;\"\n                class=\"ff-el-group ff-hpsf-container\"\n        >\n            <div class=\"ff-el-input--label asterisk-right\">\n                <label for=\"ff_11_item_sf\" aria-label=\"Newsletter\">\n                    Newsletter                <\/label>\n            <\/div>\n            <div class=\"ff-el-input--content\">\n                <input type=\"text\"\n                       name=\"item_11__fluent_sf\"\n                       class=\"ff-el-form-control\"\n                       id=\"ff_11_item_sf\"\n                \/>\n            <\/div>\n        <\/div>\n        <input type='hidden' name='__fluent_form_embded_post_id' value='2765' \/><input type=\"hidden\" id=\"_fluentform_11_fluentformnonce\" name=\"_fluentform_11_fluentformnonce\" value=\"5a8d260d73\" \/><input type=\"hidden\" name=\"_wp_http_referer\" value=\"\/en\/wp-json\/wp\/v2\/pages\/2765\" \/><div class='ff-el-group'><div class=\"ff-el-input--label ff-el-is-required asterisk-right\"><label for='ff_11_teljes_nev_1' id='label_ff_11_teljes_nev_1' aria-label=\"Full name\">Full name<\/label><\/div><div class='ff-el-input--content'><input type=\"text\" name=\"teljes_nev_1\" class=\"ff-el-form-control\" placeholder=\"Full name\" data-name=\"teljes_nev_1\" id=\"ff_11_teljes_nev_1\"  aria-invalid=\"false\" aria-required=true><\/div><\/div><div class='ff-el-group'><div class=\"ff-el-input--label ff-el-is-required asterisk-right\"><label for='ff_11_email' id='label_ff_11_email' aria-label=\"E-mail address\">E-mail address<\/label><\/div><div class='ff-el-input--content'><input type=\"email\" name=\"email\" id=\"ff_11_email\" class=\"ff-el-form-control\" placeholder=\"E-mail address\" data-name=\"email\"  aria-invalid=\"false\" aria-required=true><\/div><\/div><div class='ff-el-group'><div class=\"ff-el-input--label ff-el-is-required asterisk-right\"><label for='ff_11_teljes_nev' id='label_ff_11_teljes_nev' aria-label=\"Phone number\">Phone number<\/label><\/div><div class='ff-el-input--content'><input type=\"text\" name=\"teljes_nev\" class=\"ff-el-form-control\" placeholder=\"Phone number\" data-name=\"teljes_nev\" id=\"ff_11_teljes_nev\"  aria-invalid=\"false\" aria-required=true><\/div><\/div><div class='ff-el-group'><div class=\"ff-el-input--label asterisk-right\"><label for='ff_11_teljes_nev_3' id='label_ff_11_teljes_nev_3' aria-label=\"Company name\">Company name<\/label><\/div><div class='ff-el-input--content'><input type=\"text\" name=\"teljes_nev_3\" class=\"ff-el-form-control\" placeholder=\"Company name\" data-name=\"teljes_nev_3\" id=\"ff_11_teljes_nev_3\"  aria-invalid=\"false\" aria-required=false><\/div><\/div><div class='ff-el-group'><div class=\"ff-el-input--label asterisk-right\"><label for='ff_11_teljes_nev_4' id='label_ff_11_teljes_nev_4' aria-label=\"Website\">Website<\/label><\/div><div class='ff-el-input--content'><input type=\"text\" name=\"teljes_nev_4\" class=\"ff-el-form-control\" placeholder=\"Website\" data-name=\"teljes_nev_4\" id=\"ff_11_teljes_nev_4\"  aria-invalid=\"false\" aria-required=false><\/div><\/div><div class='ff-el-group'><div class=\"ff-el-input--label asterisk-right\"><label for='ff_11_teljes_nev_2' id='label_ff_11_teljes_nev_2' aria-label=\"Facebook page\">Facebook page<\/label><\/div><div class='ff-el-input--content'><input type=\"text\" name=\"teljes_nev_2\" class=\"ff-el-form-control\" placeholder=\"Facebook page\" data-name=\"teljes_nev_2\" id=\"ff_11_teljes_nev_2\"  aria-invalid=\"false\" aria-required=false><\/div><\/div><div class='ff-el-group'><div class=\"ff-el-input--label asterisk-right\"><label   aria-label=\"Miben seg\u00edthet\u00fcnk?\">Miben seg\u00edthet\u00fcnk?<\/label><\/div><div class='ff-el-input--content'><div class='ff-el-form-check ff-el-form-check-'><label class='ff-el-form-check-label' for='checkbox_245d78859a6e22df2a3f5725f4fb2f17'><input  type=\"checkbox\" name=\"checkbox[]\" data-name=\"checkbox\" class=\"ff-el-form-check-input ff-el-form-check-checkbox\" value=\"b1b850ce-f34a-4341-8f50-c93f5cd8c145\"  id='checkbox_245d78859a6e22df2a3f5725f4fb2f17' aria-label='Facebook and Instagram Ads' aria-invalid='false' aria-required=false> <span>Facebook and Instagram Ads<\/span><\/label><\/div><div class='ff-el-form-check ff-el-form-check-'><label class='ff-el-form-check-label' for='checkbox_8722d24099fa5d8e81c8ef8ebd96e346'><input  type=\"checkbox\" name=\"checkbox[]\" data-name=\"checkbox\" class=\"ff-el-form-check-input ff-el-form-check-checkbox\" value=\"28b56cad-a547-48fe-8bfb-49ffec33b13a\"  id='checkbox_8722d24099fa5d8e81c8ef8ebd96e346' aria-label='Google Ads (Adwords) advertisements' aria-invalid='false' aria-required=false> <span>Google Ads (Adwords) advertisements<\/span><\/label><\/div><div class='ff-el-form-check ff-el-form-check-'><label class='ff-el-form-check-label' for='checkbox_3a772bb98b73be61d7c8b395404181ca'><input  type=\"checkbox\" name=\"checkbox[]\" data-name=\"checkbox\" class=\"ff-el-form-check-input ff-el-form-check-checkbox\" value=\"8a488711-7b03-466e-84f7-61c3307da4eb\"  id='checkbox_3a772bb98b73be61d7c8b395404181ca' aria-label='Social media management' aria-invalid='false' aria-required=false> <span>Social media management<\/span><\/label><\/div><div class='ff-el-form-check ff-el-form-check-'><label class='ff-el-form-check-label' for='checkbox_61d44b25cfd21c3ec3843eb203e2d5c9'><input  type=\"checkbox\" name=\"checkbox[]\" data-name=\"checkbox\" class=\"ff-el-form-check-input ff-el-form-check-checkbox\" value=\"be204a56-5c3c-4a1d-9001-45525edfd258\"  id='checkbox_61d44b25cfd21c3ec3843eb203e2d5c9' aria-label='Comprehensive online marketing execution' aria-invalid='false' aria-required=false> <span>Comprehensive online marketing execution<\/span><\/label><\/div><div class='ff-el-form-check ff-el-form-check-'><label class='ff-el-form-check-label' for='checkbox_22d59a69e851ffd81a6cb7893fcc7bd9'><input  type=\"checkbox\" name=\"checkbox[]\" data-name=\"checkbox\" class=\"ff-el-form-check-input ff-el-form-check-checkbox\" value=\"73fda62a-7ba7-49db-b895-3e10b33f524d\"  id='checkbox_22d59a69e851ffd81a6cb7893fcc7bd9' aria-label='Blog and newsletter marketing' aria-invalid='false' aria-required=false> <span>Blog and newsletter marketing<\/span><\/label><\/div><div class='ff-el-form-check ff-el-form-check-'><label class='ff-el-form-check-label' for='checkbox_b45f056908ca0e170167c49b6dadf0cc'><input  type=\"checkbox\" name=\"checkbox[]\" data-name=\"checkbox\" class=\"ff-el-form-check-input ff-el-form-check-checkbox\" value=\"1c6315a5-8a86-42cb-b580-5b9cda5747ca\"  id='checkbox_b45f056908ca0e170167c49b6dadf0cc' aria-label='Online marketing audit' aria-invalid='false' aria-required=false> <span>Online marketing audit<\/span><\/label><\/div><div class='ff-el-form-check ff-el-form-check-'><label class='ff-el-form-check-label' for='checkbox_c47d5d8830d5c47982fb5f47a39f2b02'><input  type=\"checkbox\" name=\"checkbox[]\" data-name=\"checkbox\" class=\"ff-el-form-check-input ff-el-form-check-checkbox\" value=\"bf7b0c28-35b9-4994-bae7-6c6e5a25e58a\"  id='checkbox_c47d5d8830d5c47982fb5f47a39f2b02' aria-label='SEO Audit' aria-invalid='false' aria-required=false> <span>SEO Audit<\/span><\/label><\/div><div class='ff-el-form-check ff-el-form-check-'><label class='ff-el-form-check-label' for='checkbox_537240d642ddb184889c845b4256b5eb'><input  type=\"checkbox\" name=\"checkbox[]\" data-name=\"checkbox\" class=\"ff-el-form-check-input ff-el-form-check-checkbox\" value=\"b89584b0-24b2-4ea8-81b9-c86e3427c7f8\"  id='checkbox_537240d642ddb184889c845b4256b5eb' aria-label='PPC audit' aria-invalid='false' aria-required=false> <span>PPC audit<\/span><\/label><\/div><div class='ff-el-form-check ff-el-form-check-'><label class='ff-el-form-check-label' for='checkbox_9333e51c35179128d1bced3fee83afbd'><input  type=\"checkbox\" name=\"checkbox[]\" data-name=\"checkbox\" class=\"ff-el-form-check-input ff-el-form-check-checkbox\" value=\"9b887eb0-4f4b-4702-bc8b-dd225fb78e1e\"  id='checkbox_9333e51c35179128d1bced3fee83afbd' aria-label='Corporate identity design' aria-invalid='false' aria-required=false> <span>Corporate identity design<\/span><\/label><\/div><div class='ff-el-form-check ff-el-form-check-'><label class='ff-el-form-check-label' for='checkbox_5c9c237b9b833293ae363f585e8d9744'><input  type=\"checkbox\" name=\"checkbox[]\" data-name=\"checkbox\" class=\"ff-el-form-check-input ff-el-form-check-checkbox\" value=\"c1cc7871-364e-4ba7-80ed-21888782fb58\"  id='checkbox_5c9c237b9b833293ae363f585e8d9744' aria-label='Marketing strategy development' aria-invalid='false' aria-required=false> <span>Marketing strategy development<\/span><\/label><\/div><div class='ff-el-form-check ff-el-form-check-'><label class='ff-el-form-check-label' for='checkbox_25c042e0aff9aeff8bb0c342c9e05142'><input  type=\"checkbox\" name=\"checkbox[]\" data-name=\"checkbox\" class=\"ff-el-form-check-input ff-el-form-check-checkbox\" value=\"01d479b0-b845-4c77-b560-b2b8dffb36f5\"  id='checkbox_25c042e0aff9aeff8bb0c342c9e05142' aria-label='TikTok Advertising Management' aria-invalid='false' aria-required=false> <span>TikTok Advertising Management<\/span><\/label><\/div><\/div><\/div><div class='ff-el-group    ff-el-input--content'><div class='ff-el-form-check ff-el-tc'><label aria-label='Terms and Conditions: I have read and agree to the privacy policy. Contains 1 link. Use tab navigation to review.' class='ff-el-form-check-label ff_tc_label' for=adatvedelmi_nyilatkozat_5bf2b8236f634a31fbb83902ba29f4b1><span class='ff_tc_checkbox'><input type=\"checkbox\" name=\"adatvedelmi_nyilatkozat\" class=\"ff-el-form-check-input adatvedelmi_nyilatkozat\" data-name=\"adatvedelmi_nyilatkozat\" id=\"adatvedelmi_nyilatkozat_5bf2b8236f634a31fbb83902ba29f4b1\"  value='on' aria-invalid='false' aria-required=true><\/span> <div class='ff_t_c'>I have read and agree to the <a href=\"\/en\/privacy-policy\/\">privacy policy<\/a>.<\/div><\/label><\/div><\/div><div class='ff-el-group ' ><div class='ff-el-input--content'><div data-fluent_id='11' name='cf-turnstile-response'><div\n\t\tdata-sitekey='0x4AAAAAABRdSkPhsiq7x4K5'\n\t\tdata-theme='auto'\n\t\tid='fluentform-turnstile-11-1'\n\t\tclass='ff-el-turnstile cf-turnstile'\n\t\tdata-appearance='always'><\/div><\/div><\/div><\/div><div class='ff-el-group ff-text-left ff_submit_btn_wrapper ff_submit_btn_wrapper_custom'><button class=\"ff-btn ff-btn-submit ff-btn-md ff_btn_style wpf_has_custom_css\" type=\"submit\" name=\"custom_submit_button-11_1\" data-name=\"custom_submit_button-11_1\"  aria-label=\"Send\">Send<\/button><style>form.fluent_form_11 .wpf_has_custom_css.ff-btn-submit { background-color:#409EFF;border-color:#409EFF;color:#ffffff;min-width:100%; }form.fluent_form_11 .wpf_has_custom_css.ff-btn-submit:hover { background-color:#ffffff;border-color:#409EFF;color:#409EFF;min-width:100%; } <\/style><\/div><\/fieldset><\/form><div id='fluentform_11_errors' class='ff-errors-in-stack ff_form_instance_11_1 ff-form-loading_errors ff_form_instance_11_1_errors'><\/div><\/div>            <script type=\"text\/javascript\">\n                window.fluent_form_ff_form_instance_11_1 = {\"id\":\"11\",\"settings\":{\"layout\":{\"labelPlacement\":\"top\",\"helpMessagePlacement\":\"with_label\",\"errorMessagePlacement\":\"inline\",\"asteriskPlacement\":\"asterisk-right\"},\"restrictions\":{\"denyEmptySubmission\":{\"enabled\":false}}},\"form_instance\":\"ff_form_instance_11_1\",\"form_id_selector\":\"fluentform_11\",\"rules\":{\"teljes_nev_1\":{\"required\":{\"value\":true,\"message\":\"It is mandatory to fill in the full name.\",\"global\":false,\"global_message\":\"A mez\\u0151 kit\\u00f6lt\\u00e9se k\\u00f6telez\\u0151.\"}},\"email\":{\"required\":{\"value\":true,\"message\":\"It is mandatory to fill in your e-mail address.\",\"global\":false,\"global_message\":\"A mez\\u0151 kit\\u00f6lt\\u00e9se k\\u00f6telez\\u0151.\"},\"email\":{\"value\":true,\"message\":\"You must provide a valid e-mail address.\",\"global\":false,\"global_message\":\"This field must contain a valid email\"}},\"teljes_nev\":{\"required\":{\"value\":true,\"message\":\"Required field.\",\"global\":false,\"global_message\":\"A mez\\u0151 kit\\u00f6lt\\u00e9se k\\u00f6telez\\u0151.\"}},\"teljes_nev_3\":{\"required\":{\"value\":false,\"message\":\"K\\u00f6telez\\u0151 a teljes nevet kit\\u00f6lteni.\",\"global\":false,\"global_message\":\"A mez\\u0151 kit\\u00f6lt\\u00e9se k\\u00f6telez\\u0151.\"}},\"teljes_nev_4\":{\"required\":{\"value\":false,\"message\":\"K\\u00f6telez\\u0151 a teljes nevet kit\\u00f6lteni.\",\"global\":false,\"global_message\":\"A mez\\u0151 kit\\u00f6lt\\u00e9se k\\u00f6telez\\u0151.\"}},\"teljes_nev_2\":{\"required\":{\"value\":false,\"message\":\"K\\u00f6telez\\u0151 a teljes nevet kit\\u00f6lteni.\",\"global\":false,\"global_message\":\"A mez\\u0151 kit\\u00f6lt\\u00e9se k\\u00f6telez\\u0151.\"}},\"checkbox\":{\"required\":{\"value\":false,\"message\":\"This field is required\",\"global\":false,\"global_message\":\"A mez\\u0151 kit\\u00f6lt\\u00e9se k\\u00f6telez\\u0151.\"}},\"adatvedelmi_nyilatkozat\":{\"required\":{\"value\":true,\"message\":\"Acceptance of the privacy statement is mandatory.\",\"global\":false,\"global_message\":\"A mez\\u0151 kit\\u00f6lt\\u00e9se k\\u00f6telez\\u0151.\"}},\"cf-turnstile-response\":[]},\"debounce_time\":300};\n                            <\/script>\n                        <\/div>\n\n            \t\t\t\t<\/div>\n\t\t\t\t<\/div>\n\t\t\t\t\t<\/div>\n\t\t\t\t<\/div>\n\t\t\t\t<\/div>\n\t\t","protected":false},"excerpt":{"rendered":"<p>Request for proposal Aj\u00e1nlatk\u00e9r\u00e9s &#8211; EN &#916; Full nameE-mail addressPhone numberCompany nameWebsiteFacebook pageMiben seg\u00edthet\u00fcnk? Facebook and Instagram Ads Google Ads (Adwords) advertisements Social media management Comprehensive online marketing execution Blog and newsletter marketing Online marketing audit SEO Audit PPC audit Corporate identity design Marketing strategy development TikTok Advertising Management I have read and agree to [&hellip;]<\/p>\n","protected":false},"author":6,"featured_media":0,"parent":0,"menu_order":0,"comment_status":"closed","ping_status":"closed","template":"","meta":{"footnotes":""},"class_list":["post-2765","page","type-page","status-publish","hentry"],"yoast_head":"<!-- This site is optimized with the Yoast SEO plugin v27.2 - https:\/\/yoast.com\/product\/yoast-seo-wordpress\/ -->\n<title>Request for proposal - Chiro Marketing<\/title>\n<meta name=\"robots\" content=\"index, follow, max-snippet:-1, max-image-preview:large, max-video-preview:-1\" \/>\n<link rel=\"canonical\" href=\"https:\/\/chiro.hu\/en\/request-for-proposal\/\" \/>\n<meta property=\"og:locale\" content=\"en_US\" \/>\n<meta property=\"og:type\" content=\"article\" \/>\n<meta property=\"og:title\" content=\"Request for proposal - Chiro Marketing\" \/>\n<meta property=\"og:description\" content=\"Request for proposal Aj\u00e1nlatk\u00e9r\u00e9s &#8211; EN &#916; Full nameE-mail addressPhone numberCompany nameWebsiteFacebook pageMiben seg\u00edthet\u00fcnk? Facebook and Instagram Ads Google Ads (Adwords) advertisements Social media management Comprehensive online marketing execution Blog and newsletter marketing Online marketing audit SEO Audit PPC audit Corporate identity design Marketing strategy development TikTok Advertising Management I have read and agree to [&hellip;]\" \/>\n<meta property=\"og:url\" content=\"https:\/\/chiro.hu\/en\/request-for-proposal\/\" \/>\n<meta property=\"og:site_name\" content=\"Chiro Marketing\" \/>\n<meta property=\"article:publisher\" content=\"https:\/\/www.facebook.com\/chiromarketinghu\" \/>\n<meta property=\"article:modified_time\" content=\"2024-03-05T13:23:38+00:00\" \/>\n<meta property=\"og:image\" content=\"https:\/\/chiro.hu\/wp-content\/uploads\/2024\/03\/chiro-hero-1920px.jpg\" \/>\n\t<meta property=\"og:image:width\" content=\"1920\" \/>\n\t<meta property=\"og:image:height\" content=\"810\" \/>\n\t<meta property=\"og:image:type\" content=\"image\/jpeg\" \/>\n<meta name=\"twitter:card\" content=\"summary_large_image\" \/>\n<meta name=\"twitter:label1\" content=\"Est. reading time\" \/>\n\t<meta name=\"twitter:data1\" content=\"1 minute\" \/>\n<script type=\"application\/ld+json\" class=\"yoast-schema-graph\">{\"@context\":\"https:\/\/schema.org\",\"@graph\":[{\"@type\":\"WebPage\",\"@id\":\"https:\/\/chiro.hu\/en\/request-for-proposal\/\",\"url\":\"https:\/\/chiro.hu\/en\/request-for-proposal\/\",\"name\":\"Request for proposal - Chiro Marketing\",\"isPartOf\":{\"@id\":\"https:\/\/chiro.hu\/en\/#website\"},\"datePublished\":\"2023-10-19T10:55:26+00:00\",\"dateModified\":\"2024-03-05T13:23:38+00:00\",\"breadcrumb\":{\"@id\":\"https:\/\/chiro.hu\/en\/request-for-proposal\/#breadcrumb\"},\"inLanguage\":\"en-US\",\"potentialAction\":[{\"@type\":\"ReadAction\",\"target\":[\"https:\/\/chiro.hu\/en\/request-for-proposal\/\"]}]},{\"@type\":\"BreadcrumbList\",\"@id\":\"https:\/\/chiro.hu\/en\/request-for-proposal\/#breadcrumb\",\"itemListElement\":[{\"@type\":\"ListItem\",\"position\":1,\"name\":\"Kezd\u0151lap\",\"item\":\"https:\/\/chiro.hu\/en\/\"},{\"@type\":\"ListItem\",\"position\":2,\"name\":\"Request for proposal\"}]},{\"@type\":\"WebSite\",\"@id\":\"https:\/\/chiro.hu\/en\/#website\",\"url\":\"https:\/\/chiro.hu\/en\/\",\"name\":\"Chiro Marketing\",\"description\":\"Kreat\u00edv online marketing \u00fcgyn\u00f6ks\u00e9g\",\"publisher\":{\"@id\":\"https:\/\/chiro.hu\/en\/#organization\"},\"potentialAction\":[{\"@type\":\"SearchAction\",\"target\":{\"@type\":\"EntryPoint\",\"urlTemplate\":\"https:\/\/chiro.hu\/en\/?s={search_term_string}\"},\"query-input\":{\"@type\":\"PropertyValueSpecification\",\"valueRequired\":true,\"valueName\":\"search_term_string\"}}],\"inLanguage\":\"en-US\"},{\"@type\":\"Organization\",\"@id\":\"https:\/\/chiro.hu\/en\/#organization\",\"name\":\"Chiro Marketing\",\"url\":\"https:\/\/chiro.hu\/en\/\",\"logo\":{\"@type\":\"ImageObject\",\"inLanguage\":\"en-US\",\"@id\":\"https:\/\/chiro.hu\/en\/#\/schema\/logo\/image\/\",\"url\":\"https:\/\/chiro.hu\/wp-content\/uploads\/2023\/07\/chiro-logo.svg\",\"contentUrl\":\"https:\/\/chiro.hu\/wp-content\/uploads\/2023\/07\/chiro-logo.svg\",\"width\":93,\"height\":42,\"caption\":\"Chiro Marketing\"},\"image\":{\"@id\":\"https:\/\/chiro.hu\/en\/#\/schema\/logo\/image\/\"},\"sameAs\":[\"https:\/\/www.facebook.com\/chiromarketinghu\",\"https:\/\/www.instagram.com\/chiro_marketing\/\",\"https:\/\/www.linkedin.com\/company\/5006667\/admin\/feed\/posts\/\"]}]}<\/script>\n<!-- \/ Yoast SEO plugin. -->","yoast_head_json":{"title":"Request for proposal - Chiro Marketing","robots":{"index":"index","follow":"follow","max-snippet":"max-snippet:-1","max-image-preview":"max-image-preview:large","max-video-preview":"max-video-preview:-1"},"canonical":"https:\/\/chiro.hu\/en\/request-for-proposal\/","og_locale":"en_US","og_type":"article","og_title":"Request for proposal - Chiro Marketing","og_description":"Request for proposal Aj\u00e1nlatk\u00e9r\u00e9s &#8211; EN &#916; Full nameE-mail addressPhone numberCompany nameWebsiteFacebook pageMiben seg\u00edthet\u00fcnk? Facebook and Instagram Ads Google Ads (Adwords) advertisements Social media management Comprehensive online marketing execution Blog and newsletter marketing Online marketing audit SEO Audit PPC audit Corporate identity design Marketing strategy development TikTok Advertising Management I have read and agree to [&hellip;]","og_url":"https:\/\/chiro.hu\/en\/request-for-proposal\/","og_site_name":"Chiro Marketing","article_publisher":"https:\/\/www.facebook.com\/chiromarketinghu","article_modified_time":"2024-03-05T13:23:38+00:00","og_image":[{"width":1920,"height":810,"url":"https:\/\/chiro.hu\/wp-content\/uploads\/2024\/03\/chiro-hero-1920px.jpg","type":"image\/jpeg"}],"twitter_card":"summary_large_image","twitter_misc":{"Est. reading time":"1 minute"},"schema":{"@context":"https:\/\/schema.org","@graph":[{"@type":"WebPage","@id":"https:\/\/chiro.hu\/en\/request-for-proposal\/","url":"https:\/\/chiro.hu\/en\/request-for-proposal\/","name":"Request for proposal - Chiro Marketing","isPartOf":{"@id":"https:\/\/chiro.hu\/en\/#website"},"datePublished":"2023-10-19T10:55:26+00:00","dateModified":"2024-03-05T13:23:38+00:00","breadcrumb":{"@id":"https:\/\/chiro.hu\/en\/request-for-proposal\/#breadcrumb"},"inLanguage":"en-US","potentialAction":[{"@type":"ReadAction","target":["https:\/\/chiro.hu\/en\/request-for-proposal\/"]}]},{"@type":"BreadcrumbList","@id":"https:\/\/chiro.hu\/en\/request-for-proposal\/#breadcrumb","itemListElement":[{"@type":"ListItem","position":1,"name":"Kezd\u0151lap","item":"https:\/\/chiro.hu\/en\/"},{"@type":"ListItem","position":2,"name":"Request for proposal"}]},{"@type":"WebSite","@id":"https:\/\/chiro.hu\/en\/#website","url":"https:\/\/chiro.hu\/en\/","name":"Chiro Marketing","description":"Kreat\u00edv online marketing \u00fcgyn\u00f6ks\u00e9g","publisher":{"@id":"https:\/\/chiro.hu\/en\/#organization"},"potentialAction":[{"@type":"SearchAction","target":{"@type":"EntryPoint","urlTemplate":"https:\/\/chiro.hu\/en\/?s={search_term_string}"},"query-input":{"@type":"PropertyValueSpecification","valueRequired":true,"valueName":"search_term_string"}}],"inLanguage":"en-US"},{"@type":"Organization","@id":"https:\/\/chiro.hu\/en\/#organization","name":"Chiro Marketing","url":"https:\/\/chiro.hu\/en\/","logo":{"@type":"ImageObject","inLanguage":"en-US","@id":"https:\/\/chiro.hu\/en\/#\/schema\/logo\/image\/","url":"https:\/\/chiro.hu\/wp-content\/uploads\/2023\/07\/chiro-logo.svg","contentUrl":"https:\/\/chiro.hu\/wp-content\/uploads\/2023\/07\/chiro-logo.svg","width":93,"height":42,"caption":"Chiro Marketing"},"image":{"@id":"https:\/\/chiro.hu\/en\/#\/schema\/logo\/image\/"},"sameAs":["https:\/\/www.facebook.com\/chiromarketinghu","https:\/\/www.instagram.com\/chiro_marketing\/","https:\/\/www.linkedin.com\/company\/5006667\/admin\/feed\/posts\/"]}]}},"_links":{"self":[{"href":"https:\/\/chiro.hu\/en\/wp-json\/wp\/v2\/pages\/2765","targetHints":{"allow":["GET"]}}],"collection":[{"href":"https:\/\/chiro.hu\/en\/wp-json\/wp\/v2\/pages"}],"about":[{"href":"https:\/\/chiro.hu\/en\/wp-json\/wp\/v2\/types\/page"}],"author":[{"embeddable":true,"href":"https:\/\/chiro.hu\/en\/wp-json\/wp\/v2\/users\/6"}],"replies":[{"embeddable":true,"href":"https:\/\/chiro.hu\/en\/wp-json\/wp\/v2\/comments?post=2765"}],"version-history":[{"count":0,"href":"https:\/\/chiro.hu\/en\/wp-json\/wp\/v2\/pages\/2765\/revisions"}],"wp:attachment":[{"href":"https:\/\/chiro.hu\/en\/wp-json\/wp\/v2\/media?parent=2765"}],"curies":[{"name":"wp","href":"https:\/\/api.w.org\/{rel}","templated":true}]}}